{"id":18995,"date":"2022-12-02T13:20:38","date_gmt":"2022-12-02T11:20:38","guid":{"rendered":"https:\/\/www.apoyodravet.eu\/presentation\/"},"modified":"2024-09-26T18:54:16","modified_gmt":"2024-09-26T16:54:16","slug":"departments","status":"publish","type":"page","link":"https:\/\/www.apoyodravet.eu\/en\/about-apoyodravet\/departments\/","title":{"rendered":"Presentation"},"content":{"rendered":"\t\t<div data-elementor-type=\"wp-page\" data-elementor-id=\"18995\" class=\"elementor elementor-18995 elementor-18982\">\n\t\t\t\t\t\t<section class=\"elementor-section elementor-top-section elementor-element elementor-element-e50617f elementor-section-boxed elementor-section-height-default elementor-section-height-default\" data-id=\"e50617f\" data-element_type=\"section\">\n\t\t\t\t\t\t<div class=\"elementor-container elementor-column-gap-default\">\n\t\t\t\t\t<div class=\"elementor-column elementor-col-100 elementor-top-column elementor-element elementor-element-882dfe5\" data-id=\"882dfe5\" data-element_type=\"column\">\n\t\t\t<div class=\"elementor-widget-wrap\">\n\t\t\t\t\t\t\t<\/div>\n\t\t<\/div>\n\t\t\t\t\t<\/div>\n\t\t<\/section>\n\t\t\t\t<section class=\"elementor-section elementor-top-section elementor-element elementor-element-cf044ec miga elementor-section-boxed elementor-section-height-default elementor-section-height-default\" data-id=\"cf044ec\" data-element_type=\"section\">\n\t\t\t\t\t\t<div class=\"elementor-container elementor-column-gap-default\">\n\t\t\t\t\t<div class=\"elementor-column elementor-col-100 elementor-top-column elementor-element elementor-element-2615996\" data-id=\"2615996\" data-element_type=\"column\">\n\t\t\t<div class=\"elementor-widget-wrap elementor-element-populated\">\n\t\t\t\t\t\t<div class=\"elementor-element elementor-element-bb9b68a elementor-widget elementor-widget-hub_fancy_heading\" data-id=\"bb9b68a\" data-element_type=\"widget\" data-widget_type=\"hub_fancy_heading.default\">\n\t\t\t\t<div class=\"elementor-widget-container\">\n\t\t\t\n\t\t<div id=\"ld-fancy-heading-69dfe9101e69b\" class=\"ld-fancy-heading pos-rel\">\n\t\t\t<p class=\"ld-fh-element d-inline-block pos-rel  lqd-highlight-classic lqd-highlight-grow-left p\"  > <a class=\"linkbread\" href=\"\/\">Home<\/a> &gt; <a class=\"linkbread\" href=\"https:\/\/www.apoyodravet.eu\/en\/about-apoyodravet\/\">About Apoyodravt<\/a> &gt; Presentation<\/p>\t\t<\/div>\n\n\t\t\t\t<\/div>\n\t\t\t\t<\/div>\n\t\t\t\t\t<\/div>\n\t\t<\/div>\n\t\t\t\t\t<\/div>\n\t\t<\/section>\n\t\t\t\t<section class=\"elementor-section elementor-top-section elementor-element elementor-element-3f2cfa6 elementor-section-boxed elementor-section-height-default elementor-section-height-default\" data-id=\"3f2cfa6\" data-element_type=\"section\">\n\t\t\t\t\t\t<div class=\"elementor-container elementor-column-gap-default\">\n\t\t\t\t\t<div class=\"elementor-column elementor-col-100 elementor-top-column elementor-element elementor-element-fb671ad\" data-id=\"fb671ad\" data-element_type=\"column\">\n\t\t\t<div class=\"elementor-widget-wrap elementor-element-populated\">\n\t\t\t\t\t\t<div class=\"elementor-element elementor-element-a27796c elementor-widget__width-auto elementor-widget elementor-widget-hub_fancy_heading\" data-id=\"a27796c\" data-element_type=\"widget\" data-widget_type=\"hub_fancy_heading.default\">\n\t\t\t\t<div class=\"elementor-widget-container\">\n\t\t\t\n\t\t<div id=\"ld-fancy-heading-69dfe9101fc86\" class=\"ld-fancy-heading pos-rel\">\n\t\t\t<h2 class=\"ld-fh-element d-inline-block pos-rel  elementor-heading-title lqd-highlight-custom lqd-highlight-custom-1 h2\"  data-inview=\"true\" data-transition-delay=\"true\" data-delay-options=\"{&quot;elements&quot;:&quot;.lqd-highlight-inner&quot;,&quot;delayType&quot;:&quot;transition&quot;}\" > <mark class=\"lqd-highlight\"><span class=\"lqd-highlight-txt\"  >ApoyoDravet<\/span><span class=\"lqd-highlight-inner\"><svg class=\"lqd-highlight-brush-svg lqd-highlight-brush-svg-1\" xmlns=\"http:\/\/www.w3.org\/2000\/svg\" width=\"235.509\" height=\"13.504\" viewBox=\"0 0 235.509 13.504\" aria-hidden=\"true\" preserveAspectRatio=\"none\"><path d=\"M163,.383a13.044,13.044,0,0,1,1.517-.072,3.528,3.528,0,0,1,1.237-.134q.618.044,1.237.044a.249.249,0,0,1-.1.178.337.337,0,0,0-.1.266q3.092.088,6.184-.044T178.953.4l-.206-.088a12,12,0,0,0,4.123,0,13.467,13.467,0,0,1,5.772,0q1.443-.178,2.68-.266A5.978,5.978,0,0,1,193.8.4,16.707,16.707,0,0,1,198.01.045q2.164.088,4.844.088-.618.088-.824.134L201.412.4a3.893,3.893,0,0,0,2.061,0,5.413,5.413,0,0,1,1.649-.356q.618.088,1.134.178a9.762,9.762,0,0,0,1.544.09,17,17,0,0,1,3.092-.266q1.649,0,3.5.178,2.886.088,5.875.044t5.875-.222q0,.088.206.088h.412a21.975,21.975,0,0,0,2.577.889A12.458,12.458,0,0,1,232.12,2.18a3.962,3.962,0,0,1,1.031.622A3.349,3.349,0,0,1,234.8,3.825a5.079,5.079,0,0,1,.618,1.111q.412.534-1.031.98-1.031.444-.618.98a2.09,2.09,0,0,1,.206.889q0,.444.825.889.618.8-.206,1.245l-1.237.534q-1.443-.088-2.68-.134a17.255,17.255,0,0,1-2.267-.222,3.128,3.128,0,0,0-.928-.044,3.129,3.129,0,0,1-.928-.044q-2.267-.178-4.432-.266T217.7,9.476q-1.649-.088-2.886-.088a17.343,17.343,0,0,1-2.474-.178q-3.916,0-7.73-.088t-7.73-.266l-12.471-.178q-6.287-.088-12.883-.088h-1.958q-.928,0-1.958.088h-2.061q-1.031,0-2.061-.088-2.68-.088-5.256-.134t-5.256.044h-5.462q-2.577,0-5.462.088-4.535.088-8.76.178t-8.554.088q-2.886.088-5.875.088t-5.875.088q-1.443.088-2.886.134t-3.092.044q-4.741.178-9.791.312t-9.791.312q-2.267.088-4.329.088T78.77,10.1q-4.329.266-8.863.49t-9.276.49q-1.237.088-2.68.134a24.356,24.356,0,0,0-2.683.224q-2.68.178-5.462.312t-5.668.4q-2.474.266-4.741.312t-4.741.044q-1.031-.088-1.958-.134a9.684,9.684,0,0,1-1.958-.312,12.5,12.5,0,0,0-1.443-.312q-.825-.134-1.856-.31-2.886.356-6.39.666t-6.8.845a26.709,26.709,0,0,1-2.886.356,20.758,20.758,0,0,1-9.482-.889Q.232,11.962.026,11.25T1.263,9.917q0-.266.825-.266a13.039,13.039,0,0,0,2.886-.444A17.187,17.187,0,0,1,7.86,8.672q3.092-.266,6.184-.8,1.649-.178,3.3-.312t3.5-.312q4.123-.354,8.039-.712t8.039-.622q9.478-.8,18.758-1.338,2.68-.178,5.153-.356t4.741-.356q2.474-.178,5.05-.356T75.88,3.24h1.34a4.829,4.829,0,0,0,1.34-.178q2.267-.178,4.329-.222t4.329-.134a7.256,7.256,0,0,1,2.267,0,3.459,3.459,0,0,0,1.031-.088,6.009,6.009,0,0,1,2.37-.266,14.745,14.745,0,0,0,2.783-.088q1.649,0,2.474.088a1.308,1.308,0,0,1,.185.011,1.226,1.226,0,0,1,.33-.1,3.656,3.656,0,0,0,.515-.088,4.433,4.433,0,0,1,2.886.266q.412-.088,1.031-.178l1.237-.178q.412,0,1.031.044a5.761,5.761,0,0,0,1.237-.044q2.886-.088,5.772-.044a53.829,53.829,0,0,0,5.772-.222,9.505,9.505,0,0,1,1.34-.088h1.34a4.428,4.428,0,0,1,.821-.258l.825-.178a15.178,15.178,0,0,1,1.855.444,3.028,3.028,0,0,1,1.031-.534,4.039,4.039,0,0,1,1.443-.178,6.158,6.158,0,0,1,1.649.178,5.05,5.05,0,0,0,2.267.268q1.855-.088,3.813-.134T138.13,1.2q1.031,0,2.164-.044t2.37-.044q-.206-.088.412-.534h3.092q.412,0,.309.266t.928,0a5.845,5.845,0,0,1,1.443,0,31.833,31.833,0,0,0,5.359.088,21.471,21.471,0,0,1,6.8.178,5.236,5.236,0,0,0,1.031-.4q.412-.222.825-.4a.694.694,0,0,1,.137.07Z\" transform=\"translate(0 0.002)\"\/><\/svg><\/span><\/mark><\/h2>\t\t<\/div>\n\n\t\t\t\t<\/div>\n\t\t\t\t<\/div>\n\t\t\t\t\t<\/div>\n\t\t<\/div>\n\t\t\t\t\t<\/div>\n\t\t<\/section>\n\t\t\t\t<section class=\"elementor-section elementor-top-section elementor-element elementor-element-7ac6442 elementor-section-boxed elementor-section-height-default elementor-section-height-default\" data-id=\"7ac6442\" data-element_type=\"section\">\n\t\t\t\t\t\t<div class=\"elementor-container elementor-column-gap-default\">\n\t\t\t\t\t<div class=\"elementor-column elementor-col-50 elementor-top-column elementor-element elementor-element-07d7896\" data-id=\"07d7896\" data-element_type=\"column\">\n\t\t\t<div class=\"elementor-widget-wrap elementor-element-populated\">\n\t\t\t\t\t\t<div class=\"elementor-element elementor-element-76d8108 elementor-widget elementor-widget-text-editor\" data-id=\"76d8108\" data-element_type=\"widget\" data-widget_type=\"text-editor.default\">\n\t\t\t\t<div class=\"elementor-widget-container\">\n\t\t\t\t\t\t\t<p>ApoyoDravet is a <strong>community<\/strong> created by families of patients affected by rare diseases with epilepsy and Dravet syndrome. It acts as a <strong>collaborative platform<\/strong> that connects patients and family members with volunteers and scientists, doctors, psychologists, educators, technicians and others.\u00a0<\/p><p>It is a non-profit association with declared <strong>Public Utility<\/strong>; that promotes <a href=\"https:\/\/www.apoyodravet.eu\/en\/departments\/scientific-research-area\/\" target=\"_blank\" rel=\"noopener\"><strong>scientific research<\/strong><\/a>, medicine, technology and innovation as a part of <a href=\"https:\/\/www.apoyodravet.eu\/en\/departments\/social-innovation-area\/\" target=\"_blank\" rel=\"noopener\"><strong>social intervention<\/strong><\/a> seeking to improve the quality of life of patients, their families and their social circles.<\/p><p>ApoyoDravet is a <strong>member<\/strong> of the Spanish Rare Diseases Federation (Federaci\u00f3n Espa\u00f1ola de Enfermedades Raras, FEDER), the Spanish Epilepsy Federation (Federaci\u00f3n Espa\u00f1ola de Epilepsia, FEDE), the Dravet Syndrome European Federation (DSEF) and the Ibero-American Dravet Syndrome Support Federation (Federaci\u00f3n Iberoamericana de Apoyo Contra el S\u00edndrome de Dravet).<\/p>\t\t\t\t\t\t<\/div>\n\t\t\t\t<\/div>\n\t\t\t\t\t<\/div>\n\t\t<\/div>\n\t\t\t\t<div class=\"elementor-column elementor-col-50 elementor-top-column elementor-element elementor-element-263fb71\" data-id=\"263fb71\" data-element_type=\"column\">\n\t\t\t<div class=\"elementor-widget-wrap elementor-element-populated\">\n\t\t\t\t\t\t<div class=\"elementor-element elementor-element-18c2821 elementor-widget elementor-widget-ld_fancy_image\" data-id=\"18c2821\" data-element_type=\"widget\" data-widget_type=\"ld_fancy_image.default\">\n\t\t\t\t<div class=\"elementor-widget-container\">\n\t\t\t\n\t\t<div class=\"lqd-imggrp-single d-block pos-rel \">\n\t\t\t<div class=\"lqd-imggrp-img-container d-inline-flex pos-rel align-items-center justify-content-center \">\n\t\t\t\t\t\t\t\t<figure class=\"w-100 pos-rel\">\n\t\t\t\t\t<img fetchpriority=\"high\" decoding=\"async\" width=\"280\" height=\"280\" src=\"https:\/\/www.apoyodravet.eu\/wp-content\/uploads\/2016\/05\/ApoyoDravet.jpg\" class=\"attachment-full size-full wp-image-1491\" alt=\"\" srcset=\"https:\/\/www.apoyodravet.eu\/wp-content\/uploads\/2016\/05\/ApoyoDravet.jpg 280w, https:\/\/www.apoyodravet.eu\/wp-content\/uploads\/2016\/05\/ApoyoDravet-100x100.jpg 100w\" sizes=\"(max-width: 280px) 100vw, 280px\" itemprop=\"image\" \/>\t\t\t\t\t\t\t\t\t\t\t\t\t\t\t\t\t\t\t\t\t\t\t\t\t\t\t\t\t<\/figure>\n\t\t\t<\/div>\n\t\t<\/div>\n\n\t\t\t<\/div>\n\t\t\t\t<\/div>\n\t\t\t\t\t<\/div>\n\t\t<\/div>\n\t\t\t\t\t<\/div>\n\t\t<\/section>\n\t\t\t\t<\/div>\n\t\t","protected":false},"excerpt":{"rendered":"<p>Home &gt; About Apoyodravt &gt; Presentation ApoyoDravet ApoyoDravet is a community created by families of patients affected by rare diseases with epilepsy and Dravet syndrome. It acts as a collaborative platform that connects patients and family members with volunteers and scientists, doctors, psychologists, educators, technicians and others.\u00a0 It is a non-profit association with declared Public [&hellip;]<\/p>\n","protected":false},"author":30,"featured_media":0,"parent":18633,"menu_order":0,"comment_status":"closed","ping_status":"closed","template":"","meta":{"footnotes":""},"class_list":["post-18995","page","type-page","status-publish","hentry"],"yoast_head":"<!-- This site is optimized with the Yoast SEO plugin v23.6 - https:\/\/yoast.com\/wordpress\/plugins\/seo\/ -->\n<title>Presentation | Apoyo Dravet<\/title>\n<meta name=\"robots\" content=\"index, follow, max-snippet:-1, max-image-preview:large, max-video-preview:-1\" \/>\n<link rel=\"canonical\" href=\"https:\/\/www.apoyodravet.eu\/quienes-somos\/presentacion\/\" \/>\n<meta property=\"og:locale\" content=\"en_US\" \/>\n<meta property=\"og:type\" content=\"article\" \/>\n<meta property=\"og:title\" content=\"Presentation | Apoyo Dravet\" \/>\n<meta property=\"og:description\" content=\"Home &gt; About Apoyodravt &gt; Presentation ApoyoDravet ApoyoDravet is a community created by families of patients affected by rare diseases with epilepsy and Dravet syndrome. It acts as a collaborative platform that connects patients and family members with volunteers and scientists, doctors, psychologists, educators, technicians and others.\u00a0 It is a non-profit association with declared Public [&hellip;]\" \/>\n<meta property=\"og:url\" content=\"https:\/\/www.apoyodravet.eu\/quienes-somos\/presentacion\/\" \/>\n<meta property=\"og:site_name\" content=\"Apoyo Dravet\" \/>\n<meta property=\"article:publisher\" content=\"https:\/\/www.facebook.com\/apoyodravet\/\" \/>\n<meta property=\"article:modified_time\" content=\"2024-09-26T16:54:16+00:00\" \/>\n<meta property=\"og:image\" content=\"https:\/\/www.apoyodravet.eu\/wp-content\/uploads\/2016\/05\/ApoyoDravet.jpg\" \/>\n<meta name=\"twitter:card\" content=\"summary_large_image\" \/>\n<meta name=\"twitter:label1\" content=\"Est. reading time\" \/>\n\t<meta name=\"twitter:data1\" content=\"1 minute\" \/>\n<script type=\"application\/ld+json\" class=\"yoast-schema-graph\">{\"@context\":\"https:\/\/schema.org\",\"@graph\":[{\"@type\":\"WebPage\",\"@id\":\"https:\/\/www.apoyodravet.eu\/quienes-somos\/presentacion\/\",\"url\":\"https:\/\/www.apoyodravet.eu\/quienes-somos\/presentacion\/\",\"name\":\"Presentation | Apoyo Dravet\",\"isPartOf\":{\"@id\":\"https:\/\/www.apoyodravet.eu\/#website\"},\"primaryImageOfPage\":{\"@id\":\"https:\/\/www.apoyodravet.eu\/quienes-somos\/presentacion\/#primaryimage\"},\"image\":{\"@id\":\"https:\/\/www.apoyodravet.eu\/quienes-somos\/presentacion\/#primaryimage\"},\"thumbnailUrl\":\"https:\/\/www.apoyodravet.eu\/wp-content\/uploads\/2016\/05\/ApoyoDravet.jpg\",\"datePublished\":\"2022-12-02T11:20:38+00:00\",\"dateModified\":\"2024-09-26T16:54:16+00:00\",\"breadcrumb\":{\"@id\":\"https:\/\/www.apoyodravet.eu\/quienes-somos\/presentacion\/#breadcrumb\"},\"inLanguage\":\"en-US\",\"potentialAction\":[{\"@type\":\"ReadAction\",\"target\":[\"https:\/\/www.apoyodravet.eu\/quienes-somos\/presentacion\/\"]}]},{\"@type\":\"ImageObject\",\"inLanguage\":\"en-US\",\"@id\":\"https:\/\/www.apoyodravet.eu\/quienes-somos\/presentacion\/#primaryimage\",\"url\":\"https:\/\/www.apoyodravet.eu\/wp-content\/uploads\/2016\/05\/ApoyoDravet.jpg\",\"contentUrl\":\"https:\/\/www.apoyodravet.eu\/wp-content\/uploads\/2016\/05\/ApoyoDravet.jpg\"},{\"@type\":\"BreadcrumbList\",\"@id\":\"https:\/\/www.apoyodravet.eu\/quienes-somos\/presentacion\/#breadcrumb\",\"itemListElement\":[{\"@type\":\"ListItem\",\"position\":1,\"name\":\"Portada\",\"item\":\"https:\/\/www.apoyodravet.eu\/\"},{\"@type\":\"ListItem\",\"position\":2,\"name\":\"About Apoyodravet\",\"item\":\"https:\/\/www.apoyodravet.eu\/en\/about-apoyodravet\/\"},{\"@type\":\"ListItem\",\"position\":3,\"name\":\"Presentation\"}]},{\"@type\":\"WebSite\",\"@id\":\"https:\/\/www.apoyodravet.eu\/#website\",\"url\":\"https:\/\/www.apoyodravet.eu\/\",\"name\":\"Apoyo Dravet\",\"description\":\"Otro sitio realizado con WordPress\",\"publisher\":{\"@id\":\"https:\/\/www.apoyodravet.eu\/#organization\"},\"potentialAction\":[{\"@type\":\"SearchAction\",\"target\":{\"@type\":\"EntryPoint\",\"urlTemplate\":\"https:\/\/www.apoyodravet.eu\/?s={search_term_string}\"},\"query-input\":{\"@type\":\"PropertyValueSpecification\",\"valueRequired\":true,\"valueName\":\"search_term_string\"}}],\"inLanguage\":\"en-US\"},{\"@type\":\"Organization\",\"@id\":\"https:\/\/www.apoyodravet.eu\/#organization\",\"name\":\"Apoyo Dravet\",\"url\":\"https:\/\/www.apoyodravet.eu\/\",\"logo\":{\"@type\":\"ImageObject\",\"inLanguage\":\"en-US\",\"@id\":\"https:\/\/www.apoyodravet.eu\/#\/schema\/logo\/image\/\",\"url\":\"https:\/\/www.apoyodravet.eu\/wp-content\/uploads\/2022\/09\/logo_dravet_ident-1.png\",\"contentUrl\":\"https:\/\/www.apoyodravet.eu\/wp-content\/uploads\/2022\/09\/logo_dravet_ident-1.png\",\"width\":541,\"height\":409,\"caption\":\"Apoyo Dravet\"},\"image\":{\"@id\":\"https:\/\/www.apoyodravet.eu\/#\/schema\/logo\/image\/\"},\"sameAs\":[\"https:\/\/www.facebook.com\/apoyodravet\/\"]}]}<\/script>\n<!-- \/ Yoast SEO plugin. -->","yoast_head_json":{"title":"Presentation | Apoyo Dravet","robots":{"index":"index","follow":"follow","max-snippet":"max-snippet:-1","max-image-preview":"max-image-preview:large","max-video-preview":"max-video-preview:-1"},"canonical":"https:\/\/www.apoyodravet.eu\/quienes-somos\/presentacion\/","og_locale":"en_US","og_type":"article","og_title":"Presentation | Apoyo Dravet","og_description":"Home &gt; About Apoyodravt &gt; Presentation ApoyoDravet ApoyoDravet is a community created by families of patients affected by rare diseases with epilepsy and Dravet syndrome. It acts as a collaborative platform that connects patients and family members with volunteers and scientists, doctors, psychologists, educators, technicians and others.\u00a0 It is a non-profit association with declared Public [&hellip;]","og_url":"https:\/\/www.apoyodravet.eu\/quienes-somos\/presentacion\/","og_site_name":"Apoyo Dravet","article_publisher":"https:\/\/www.facebook.com\/apoyodravet\/","article_modified_time":"2024-09-26T16:54:16+00:00","og_image":[{"url":"https:\/\/www.apoyodravet.eu\/wp-content\/uploads\/2016\/05\/ApoyoDravet.jpg"}],"twitter_card":"summary_large_image","twitter_misc":{"Est. reading time":"1 minute"},"schema":{"@context":"https:\/\/schema.org","@graph":[{"@type":"WebPage","@id":"https:\/\/www.apoyodravet.eu\/quienes-somos\/presentacion\/","url":"https:\/\/www.apoyodravet.eu\/quienes-somos\/presentacion\/","name":"Presentation | Apoyo Dravet","isPartOf":{"@id":"https:\/\/www.apoyodravet.eu\/#website"},"primaryImageOfPage":{"@id":"https:\/\/www.apoyodravet.eu\/quienes-somos\/presentacion\/#primaryimage"},"image":{"@id":"https:\/\/www.apoyodravet.eu\/quienes-somos\/presentacion\/#primaryimage"},"thumbnailUrl":"https:\/\/www.apoyodravet.eu\/wp-content\/uploads\/2016\/05\/ApoyoDravet.jpg","datePublished":"2022-12-02T11:20:38+00:00","dateModified":"2024-09-26T16:54:16+00:00","breadcrumb":{"@id":"https:\/\/www.apoyodravet.eu\/quienes-somos\/presentacion\/#breadcrumb"},"inLanguage":"en-US","potentialAction":[{"@type":"ReadAction","target":["https:\/\/www.apoyodravet.eu\/quienes-somos\/presentacion\/"]}]},{"@type":"ImageObject","inLanguage":"en-US","@id":"https:\/\/www.apoyodravet.eu\/quienes-somos\/presentacion\/#primaryimage","url":"https:\/\/www.apoyodravet.eu\/wp-content\/uploads\/2016\/05\/ApoyoDravet.jpg","contentUrl":"https:\/\/www.apoyodravet.eu\/wp-content\/uploads\/2016\/05\/ApoyoDravet.jpg"},{"@type":"BreadcrumbList","@id":"https:\/\/www.apoyodravet.eu\/quienes-somos\/presentacion\/#breadcrumb","itemListElement":[{"@type":"ListItem","position":1,"name":"Portada","item":"https:\/\/www.apoyodravet.eu\/"},{"@type":"ListItem","position":2,"name":"About Apoyodravet","item":"https:\/\/www.apoyodravet.eu\/en\/about-apoyodravet\/"},{"@type":"ListItem","position":3,"name":"Presentation"}]},{"@type":"WebSite","@id":"https:\/\/www.apoyodravet.eu\/#website","url":"https:\/\/www.apoyodravet.eu\/","name":"Apoyo Dravet","description":"Otro sitio realizado con WordPress","publisher":{"@id":"https:\/\/www.apoyodravet.eu\/#organization"},"potentialAction":[{"@type":"SearchAction","target":{"@type":"EntryPoint","urlTemplate":"https:\/\/www.apoyodravet.eu\/?s={search_term_string}"},"query-input":{"@type":"PropertyValueSpecification","valueRequired":true,"valueName":"search_term_string"}}],"inLanguage":"en-US"},{"@type":"Organization","@id":"https:\/\/www.apoyodravet.eu\/#organization","name":"Apoyo Dravet","url":"https:\/\/www.apoyodravet.eu\/","logo":{"@type":"ImageObject","inLanguage":"en-US","@id":"https:\/\/www.apoyodravet.eu\/#\/schema\/logo\/image\/","url":"https:\/\/www.apoyodravet.eu\/wp-content\/uploads\/2022\/09\/logo_dravet_ident-1.png","contentUrl":"https:\/\/www.apoyodravet.eu\/wp-content\/uploads\/2022\/09\/logo_dravet_ident-1.png","width":541,"height":409,"caption":"Apoyo Dravet"},"image":{"@id":"https:\/\/www.apoyodravet.eu\/#\/schema\/logo\/image\/"},"sameAs":["https:\/\/www.facebook.com\/apoyodravet\/"]}]}},"_links":{"self":[{"href":"https:\/\/www.apoyodravet.eu\/en\/wp-json\/wp\/v2\/pages\/18995"}],"collection":[{"href":"https:\/\/www.apoyodravet.eu\/en\/wp-json\/wp\/v2\/pages"}],"about":[{"href":"https:\/\/www.apoyodravet.eu\/en\/wp-json\/wp\/v2\/types\/page"}],"author":[{"embeddable":true,"href":"https:\/\/www.apoyodravet.eu\/en\/wp-json\/wp\/v2\/users\/30"}],"replies":[{"embeddable":true,"href":"https:\/\/www.apoyodravet.eu\/en\/wp-json\/wp\/v2\/comments?post=18995"}],"version-history":[{"count":0,"href":"https:\/\/www.apoyodravet.eu\/en\/wp-json\/wp\/v2\/pages\/18995\/revisions"}],"up":[{"embeddable":true,"href":"https:\/\/www.apoyodravet.eu\/en\/wp-json\/wp\/v2\/pages\/18633"}],"wp:attachment":[{"href":"https:\/\/www.apoyodravet.eu\/en\/wp-json\/wp\/v2\/media?parent=18995"}],"curies":[{"name":"wp","href":"https:\/\/api.w.org\/{rel}","templated":true}]}}